{"id":12,"date":"2011-05-26T17:16:30","date_gmt":"2011-05-26T17:16:30","guid":{"rendered":"http:\/\/hucke-software.de\/?page_id=12"},"modified":"2016-04-30T12:48:17","modified_gmt":"2016-04-30T12:48:17","slug":"produkte","status":"publish","type":"page","link":"https:\/\/hucke-software.de\/en\/welcome-bienvenue\/produkte\/","title":{"rendered":"Produkte"},"content":{"rendered":"<div id=\"Ebene1\">\n<div><span style=\"text-decoration: underline;\"><strong>Datenerfassung<\/strong><\/span><\/div>\n<p><span style=\"font-family: Arial,Helvetica,Geneva,Swiss,SunSans-Regular; font-size: small;\"><strong><br \/>\n<\/strong><\/span>Unser Software-System<strong> TabFox<\/strong> ist geeignet f\u00fcr verschiedene Tablettenpressen. Es ist ausgerichtet auf pharmazeutische und physikalische Fragestellungen im Tablettier-Prozess. Das Softwarepaket TabFox ist in zwei Varianten verf\u00fcgbar:<\/p>\n<p><strong>TabFox &#8211; S<\/strong>\u00a0\u00a0\u00a0\u00a0 f\u00fcr Einzelhub-Pressen<\/p>\n<p><strong>TabFox &#8211; R\u00a0<\/strong>\u00a0\u00a0 f\u00fcr Rundlauf-Pressen<\/p>\n<div>Beide Varianten k\u00f6nnen unterschiedlich konfiguriert werden und passen damit jeweils zu verschiedenen Typen von Tablettenpressen:<\/div>\n<div><\/div>\n<ul>\n<li>Exzenter-Presse<\/li>\n<li>Pneumohydraulische Presse<\/li>\n<li>Elektrozylinder-Presse<\/li>\n<li>Linear-Simulator<\/li>\n<li>Rundlauf-Presse<\/li>\n<li>Doppel-Rundl\u00e4ufer<\/li>\n<\/ul>\n<div>Hersteller-Unabh\u00e4ngigkeit und hohe Flexibilit\u00e4t kennzeichnen das System. Unterschiedliche mechanische Abl\u00e4ufe, Messkan\u00e4le, Geschwindigkeiten,\u00a0 Triggerkonzepte oder auch die spezifische Anzahl von Stempelpl\u00e4tzen am Rundl\u00e4ufer lassen sich in der Konfiguration festlegen.<\/div>\n<div><\/div>\n<div>Ein Oszilloskop-Modus liefert Ihnen immer sofort die aktuellen &#8220;fingerprints&#8221; Ihrer Maschine als Live-Bild.<\/div>\n<div><\/div>\n<div>Vorkonfigurierte Kan\u00e4le finden Sie f\u00fcr Kraft-Signale:<\/div>\n<div><\/div>\n<ul>\n<li>Vordruck,<\/li>\n<li>Hauptdruck,<\/li>\n<li>Aussto\u00dfkraft,<\/li>\n<li>Abstreifkraft,<\/li>\n<li>Matrizenwandkraft<\/li>\n<\/ul>\n<div>Weg-Signale:<\/div>\n<ul>\n<li>Oberstempel-Weg,<\/li>\n<li>Unterstempel-Weg,<\/li>\n<li>Eintauchtiefe,<\/li>\n<li>Tablettenh\u00f6he<\/li>\n<\/ul>\n<div><\/div>\n<div><strong><span style=\"text-decoration: underline;\">Kalibrier-Software<\/span><\/strong><\/div>\n<div>Das Kalibriersystem <strong>CaliDat<\/strong> dient zur Kalibrierung von beliebigen Mess-Signalen. Es zeichnet sich dadurch aus, dass es hochdynamische Kalibrierungen erlaubt und damit Nichtlinearit\u00e4ten und Hysteresen charakterisieren kann, die sonst oft unsichtbar bleiben.<\/div>\n<div><\/div>\n<p>Weitere Funktionen:<\/p>\n<ul>\n<li>Polynomial-Fits<\/li>\n<li>Pr\u00fcfpunkt-Tabellen<\/li>\n<li>Kalibrier-Report als PDF<\/li>\n<li>datenbankbasierte \u00dcberwachung von Kalibrierfaktoren <span style=\"font-family: Arial,Helvetica,Geneva,Swiss,SunSans-Regular; font-size: small;\"><br \/>\n<\/span><\/li>\n<\/ul>\n<\/div>\n","protected":false},"excerpt":{"rendered":"<p>Datenerfassung Unser Software-System TabFox ist geeignet f\u00fcr verschiedene Tablettenpressen. Es ist ausgerichtet auf pharmazeutische und physikalische Fragestellungen im Tablettier-Prozess. Das Softwarepaket TabFox ist in zwei Varianten verf\u00fcgbar: TabFox &#8211; S\u00a0\u00a0\u00a0\u00a0 f\u00fcr Einzelhub-Pressen TabFox &#8211; R\u00a0\u00a0\u00a0 f\u00fcr Rundlauf-Pressen Beide Varianten k\u00f6nnen unterschiedlich konfiguriert werden und passen damit jeweils zu verschiedenen Typen von Tablettenpressen: Exzenter-Presse Pneumohydraulische Presse &hellip; <a href=\"https:\/\/hucke-software.de\/en\/welcome-bienvenue\/produkte\/\" class=\"more-link\">Continue reading <span class=\"screen-reader-text\">Produkte<\/span> <span class=\"meta-nav\">&rarr;<\/span><\/a><\/p>\n","protected":false},"author":1,"featured_media":0,"parent":46,"menu_order":1,"comment_status":"closed","ping_status":"closed","template":"","meta":{"footnotes":""},"class_list":["post-12","page","type-page","status-publish","hentry"],"translation":{"provider":"WPGlobus","version":"3.0.2","language":"en","enabled_languages":["de","en"],"languages":{"de":{"title":true,"content":true,"excerpt":false},"en":{"title":false,"content":false,"excerpt":false}}},"_links":{"self":[{"href":"https:\/\/hucke-software.de\/en\/wp-json\/wp\/v2\/pages\/12","targetHints":{"allow":["GET"]}}],"collection":[{"href":"https:\/\/hucke-software.de\/en\/wp-json\/wp\/v2\/pages"}],"about":[{"href":"https:\/\/hucke-software.de\/en\/wp-json\/wp\/v2\/types\/page"}],"author":[{"embeddable":true,"href":"https:\/\/hucke-software.de\/en\/wp-json\/wp\/v2\/users\/1"}],"replies":[{"embeddable":true,"href":"https:\/\/hucke-software.de\/en\/wp-json\/wp\/v2\/comments?post=12"}],"version-history":[{"count":11,"href":"https:\/\/hucke-software.de\/en\/wp-json\/wp\/v2\/pages\/12\/revisions"}],"predecessor-version":[{"id":70,"href":"https:\/\/hucke-software.de\/en\/wp-json\/wp\/v2\/pages\/12\/revisions\/70"}],"up":[{"embeddable":true,"href":"https:\/\/hucke-software.de\/en\/wp-json\/wp\/v2\/pages\/46"}],"wp:attachment":[{"href":"https:\/\/hucke-software.de\/en\/wp-json\/wp\/v2\/media?parent=12"}],"curies":[{"name":"wp","href":"https:\/\/api.w.org\/{rel}","templated":true}]}}