{"id":73,"date":"2016-04-26T16:53:53","date_gmt":"2016-04-26T16:53:53","guid":{"rendered":"http:\/\/hucke-software.de\/?page_id=73"},"modified":"2016-04-26T16:54:49","modified_gmt":"2016-04-26T16:54:49","slug":"ueber-uns-2","status":"publish","type":"page","link":"https:\/\/hucke-software.de\/en\/welcome-bienvenue\/ueber-uns-2\/","title":{"rendered":"\u00dcber uns"},"content":{"rendered":"<div id=\"Ebene1\">\n<p><strong> Firmenprofil<\/strong><\/p>\n<p>Seit der Gr\u00fcndung 1997 besch\u00e4ftigen wir uns mit der Messdatenerfassung im pharmazeutischen Umfeld.<br \/>\nNamhafte Anwender aus der Industrie arbeiten erfolgreich mit unserer Software. Im Bereich Forschung und Entwicklung arbeiten wir mit Universit\u00e4ten und Kunden zusammen an besonderen physikalischen oder messtechnischen Fragestellungen und entwickeln daf\u00fcr neue Software.<br \/>\nZusammenarbeit mit Herstellern von Tablettenpressen, Granulatoren und Labormischern sch\u00e4rft unseren Blick f\u00fcr aktuelle Entwicklungen und fliesst ein in die Weiterentwicklung unserer unabh\u00e4ngigen und flexiblen Standard-Software.<\/p>\n<\/div>\n","protected":false},"excerpt":{"rendered":"<p>Firmenprofil Seit der Gr\u00fcndung 1997 besch\u00e4ftigen wir uns mit der Messdatenerfassung im pharmazeutischen Umfeld. Namhafte Anwender aus der Industrie arbeiten erfolgreich mit unserer Software. Im Bereich Forschung und Entwicklung arbeiten wir mit Universit\u00e4ten und Kunden zusammen an besonderen physikalischen oder messtechnischen Fragestellungen und entwickeln daf\u00fcr neue Software. Zusammenarbeit mit Herstellern von Tablettenpressen, Granulatoren und Labormischern &hellip; <a href=\"https:\/\/hucke-software.de\/en\/welcome-bienvenue\/ueber-uns-2\/\" class=\"more-link\">Continue reading <span class=\"screen-reader-text\">\u00dcber uns<\/span> <span class=\"meta-nav\">&rarr;<\/span><\/a><\/p>\n","protected":false},"author":1,"featured_media":0,"parent":46,"menu_order":0,"comment_status":"closed","ping_status":"closed","template":"","meta":{"footnotes":""},"class_list":["post-73","page","type-page","status-publish","hentry"],"translation":{"provider":"WPGlobus","version":"3.0.2","language":"en","enabled_languages":["de","en"],"languages":{"de":{"title":true,"content":true,"excerpt":false},"en":{"title":false,"content":false,"excerpt":false}}},"_links":{"self":[{"href":"https:\/\/hucke-software.de\/en\/wp-json\/wp\/v2\/pages\/73","targetHints":{"allow":["GET"]}}],"collection":[{"href":"https:\/\/hucke-software.de\/en\/wp-json\/wp\/v2\/pages"}],"about":[{"href":"https:\/\/hucke-software.de\/en\/wp-json\/wp\/v2\/types\/page"}],"author":[{"embeddable":true,"href":"https:\/\/hucke-software.de\/en\/wp-json\/wp\/v2\/users\/1"}],"replies":[{"embeddable":true,"href":"https:\/\/hucke-software.de\/en\/wp-json\/wp\/v2\/comments?post=73"}],"version-history":[{"count":1,"href":"https:\/\/hucke-software.de\/en\/wp-json\/wp\/v2\/pages\/73\/revisions"}],"predecessor-version":[{"id":74,"href":"https:\/\/hucke-software.de\/en\/wp-json\/wp\/v2\/pages\/73\/revisions\/74"}],"up":[{"embeddable":true,"href":"https:\/\/hucke-software.de\/en\/wp-json\/wp\/v2\/pages\/46"}],"wp:attachment":[{"href":"https:\/\/hucke-software.de\/en\/wp-json\/wp\/v2\/media?parent=73"}],"curies":[{"name":"wp","href":"https:\/\/api.w.org\/{rel}","templated":true}]}}