{"id":91,"date":"2016-07-21T15:09:48","date_gmt":"2016-07-21T15:09:48","guid":{"rendered":"http:\/\/hucke-software.de\/?page_id=91"},"modified":"2020-03-16T13:12:29","modified_gmt":"2020-03-16T13:12:29","slug":"impressum","status":"publish","type":"page","link":"https:\/\/hucke-software.de\/en\/impressum\/","title":{"rendered":"Impressum"},"content":{"rendered":"<div><strong>Hucke Software<\/strong><\/div>\n<div>Dr.Mathias Hucke<\/div>\n<div>Buchweizenberg 29<\/div>\n<div>D-42699 Solingen<\/div>\n<div><\/div>\n<div>Tel.\u00a0 ++49 212 380 1942<\/div>\n<div>Fax\u00a0 ++49 212 380 1943<\/div>\n<div>\n<p>email:\u00a0 info@daq4.de<\/p>\n<\/div>\n<p id=\"e336\">USt-IdNr.: DE195111248<\/p>\n<p>Inhaltlich Verantwortlicher gem\u00e4\u00df \u00a7 5 TMG: Mathias Hucke\u00a0(Anschrift wie oben)<\/p>\n<div align=\"center\">\n<p><b>Datenschutzerkl\u00e4rung<\/b><\/p>\n<\/div>\n<p>Wir erheben und verwenden Ihre personenbezogenen Daten ausschlie\u00dflich im Rahmen der Bestimmungen des Datenschutzrechts der Bundesrepublik Deutschland. Im Folgenden unterrichten wir Sie \u00fcber Art, Umfang und Zwecke der Erhebung und Verwendung personenbezogener Daten. Sie k\u00f6nnen diese Unterrichtung jederzeit auf unserer Webseite abrufen.<\/p>\n<p><b>Daten\u00fcbermittlung und -protokollierung zu systeminternen und statistischen Zwecken<\/b><\/p>\n<div align=\"justify\">Ihr Internet-Browser \u00fcbermittelt beim Zugriff auf unsere Webseite aus technischen Gr\u00fcnden automatisch Daten an unseren Webserver. Es handelt sich dabei unter anderem um Datum und Uhrzeit des Zugriffs, URL der verweisenden Webseite, abgerufene Datei, Menge der gesendeten Daten, Browsertyp und -version, Betriebssystem sowie Ihre IP-Adresse. Diese Daten werden getrennt von anderen Daten, die Sie im Rahmen der Nutzung unseres Angebotes eingeben gespeichert. Eine Zuordnung dieser Daten zu einer bestimmten Person ist uns nicht m\u00f6glich. Diese Daten werden zu statistischen Zwecken ausgewertet und im Anschluss gel\u00f6scht.<\/div>\n<p><b>Bestandsdaten<\/b><\/p>\n<div align=\"justify\">\n<p>Sofern zwischen Ihnen und uns ein Vertragsverh\u00e4ltnis begr\u00fcndet, inhaltlich ausgestaltet oder ge\u00e4ndert werden soll, erheben und verwenden wir personenbezogene Daten von Ihnen, soweit dies zu diesen Zwecken erforderlich ist.<\/p>\n<p>Auf Anordnung der zust\u00e4ndigen Stellen d\u00fcrfen wir im Einzelfall Auskunft \u00fcber diese Daten (Bestandsdaten) erteilen, soweit dies f\u00fcr Zwecke der Strafverfolgung, zur Gefahrenabwehr, zur Erf\u00fcllung der gesetzlichen Aufgaben der Verfassungsschutzbeh\u00f6rden oder des Milit\u00e4rischen Abschirmdienstes oder zur Durchsetzung der Rechte am geistigen Eigentum erforderlich ist.<\/p>\n<\/div>\n<p><b>Nutzungsdaten<\/b><\/p>\n<div align=\"justify\">\n<p>Wir erheben und verwenden personenbezogene Daten von Ihnen, soweit dies erforderlich ist, um die Inanspruchnahme unseres Internetangebotes zu erm\u00f6glichen oder abzurechnen (Nutzungsdaten). Dazu geh\u00f6ren insbesondere Merkmale zu Ihrer Identifikation und Angaben zu Beginn und Ende sowie des Umfangs der Nutzung unseres Angebotes.<\/p>\n<p>F\u00fcr Zwecke der Werbung, der Marktforschung und zur bedarfsgerechten Gestaltung unseres Internetangebotes d\u00fcrfen wir bei Verwendung von Pseudonymen Nutzungsprofile erstellen. Sie haben das Recht, dieser Verwendung Ihrer Daten zu widersprechen. Die Nutzungsprofile d\u00fcrfen wir nicht mit Daten \u00fcber den Tr\u00e4ger des Pseudonyms zusammenf\u00fchren.<\/p>\n<p>Auf Anordnung der zust\u00e4ndigen Stellen d\u00fcrfen wir im Einzelfall Auskunft \u00fcber diese Daten (Bestandsdaten) erteilen, soweit dies f\u00fcr Zwecke der Strafverfolgung, zur Gefahrenabwehr, zur Erf\u00fcllung der gesetzlichen Aufgaben der Verfassungsschutzbeh\u00f6rden oder des Milit\u00e4rischen Abschirmdienstes oder zur Durchsetzung der Rechte am geistigen Eigentum erforderlich ist.<\/p>\n<\/div>\n<p><b>Cookies <\/b><\/p>\n<div align=\"justify\">Um den Funktionsumfang unseres Internetangebotes zu erweitern und die Nutzung f\u00fcr Sie komfortabler zu gestalten, verwenden wir so genannte \u201eCookies\u201c. Mit Hilfe dieser \u201eCookies\u201c k\u00f6nnen bei dem Aufruf unserer Webseite Daten auf Ihrem Rechner gespeichert werden. Sie haben die M\u00f6glichkeit, das Abspeichern von Cookies auf Ihrem Rechner durch entsprechende Einstellungen in Ihrem Browser zu verhindern. Hierdurch k\u00f6nnten allerdings der Funktionsumfang unseres Angebotes eingeschr\u00e4nkt werden.<\/div>\n<p><b>Auskunftsrecht<\/b><\/p>\n<div align=\"justify\">Als Nutzer unseres Internetangebotes haben Sie das Recht, von uns Auskunft \u00fcber die zu Ihrer Person oder zu Ihrem Pseudonym gespeicherten Daten zu verlangen. Auf Ihr Verlangen kann die Auskunft auch elektronisch erteilt werden.<\/div>\n<div align=\"justify\"><\/div>\n<div align=\"justify\">\n<div align=\"justify\"><i>Quelle: <a href=\"http:\/\/www.kluge-recht.de\/\">Anwalt Arbeitsrecht Hamburg<\/a><\/i><\/div>\n<div align=\"justify\"><\/div>\n<p><strong>Haftungsausschluss<\/strong><br \/>\n<b>Inhalte:<br \/>\n<\/b><br \/>\nDer Inhalt dieser Seiten wurde mit gr\u00f6\u00dftm\u00f6glicher Sorgfalt zusammengestellt.\u00a0<strong>Hucke Software &#8211;\u00a0<\/strong>Mathias Hucke\u00a0kann jedoch keine Gew\u00e4hr f\u00fcr die Fehlerfreiheit und Genauigkeit der bereitgestellten Informationen \u00fcbernehmen. <strong>Hucke Software &#8211;\u00a0<\/strong>Mathias Huckeschlie\u00dft jegliche Haftung f\u00fcr Sch\u00e4den, die direkt oder indirekt aus der Benutzung dieser Website entstehen, aus, sofern seitens <strong>Hucke Software &#8211;\u00a0<\/strong>Mathias Hucke\u00a0kein nachweislich vors\u00e4tzliches oder grob fahrl\u00e4ssiges Verschulden vorliegt.<\/p>\n<p><b>Links:<br \/>\n<\/b><br \/>\nSofern <strong>Hucke Software &#8211;\u00a0<\/strong>Mathias Hucke<strong>\u00a0<\/strong>direkt oder indirekt auf fremde Internetseiten verweist, kann <strong>Hucke Software &#8211;\u00a0<\/strong>Mathias Hucke<strong>\u00a0<\/strong>f\u00fcr den Inhalt der Seiten keine Haftung \u00fcbernehmen. <strong>Hucke Software &#8211;\u00a0<\/strong>Mathias Hucke<strong>\u00a0<\/strong>erkl\u00e4rt hiermit ausdr\u00fccklich, dass zum Zeitpunkt der Linksetzung die verlinkten Seiten keine illegalen Inhalte enthalten haben. <strong>Hucke Software &#8211;\u00a0<\/strong>Mathias Hucke<strong>h<\/strong> hat keinerlei Einfluss auf die aktuelle und zuk\u00fcnftige Gestaltung der verlinkten Seiten. Inhaltlichen \u00c4nderungen, die nach der Linksetzung auf den verlinkten Seiten vorgenommen werden, unterliegen nicht dem Einfluss von <strong>Hucke Software &#8211;\u00a0<\/strong>Mathias Hucke. F\u00fcr von <strong>Hucke Software &#8211;\u00a0<\/strong>Mathias Hucke<strong>\u00a0<\/strong>eingerichtete G\u00e4steb\u00fccher, Diskussionsforen und Mailinglisten gilt das Gleiche. <strong>Hucke Software &#8211;\u00a0<\/strong>Mathias Hucke\u00a0haftet nicht f\u00fcr illegale, fehlerhafte oder unvollst\u00e4ndige Inhalte und insbesondere f\u00fcr Sch\u00e4den, die durch Nutzung oder Nichtnutzung der auf den verlinkten Seiten angebotenen Informationen entstehen.<\/p>\n<p><b>Urheberrecht:<br \/>\n<\/b><br \/>\ncopyright 2016\u00a0<strong>Hucke Software &#8211;\u00a0<\/strong>Mathias Hucke. Alle Rechte vorbehalten. Das in\u00a0<strong>www.hucke-software.de<\/strong>\u00a0enthaltene geistige Eigentum wie Patente, Marken und Urheberrechte ist gesch\u00fctzt. Alle Texte, Bilder, Graphiken, Ton-, Video- und Animationsdateien unterliegen dem Urheberrecht und anderen Gesetzen zum Schutz des geistigen Eigentums. Sie d\u00fcrfen weder f\u00fcr Handelszwecke oder zur Weitergabe kopiert, noch ver\u00e4ndert und auf anderen Websites verwendet werden. Durch diese Website wird keine Lizenz zur Nutzung des geistigen Eigentums von <strong>Hucke Software &#8211;\u00a0<\/strong>Mathias Hucke<strong>\u00a0<\/strong>oder Dritten erteilt. Alle innerhalb des Internetangebots genannten und gegebenenfalls durch Dritte gesch\u00fctzten Marken- und Warenzeichen unterliegen uneingeschr\u00e4nkt den Bestimmungen des jeweils g\u00fcltigen Kennzeichenrechts und den Besitzrechten der jeweiligen eingetragenen Eigent\u00fcmer. Allein aufgrund der blo\u00dfen Nennung ist nicht der Schluss zu ziehen, dass Markenzeichen nicht durch Rechte Dritter gesch\u00fctzt sind.<\/p>\n<p>copyright 2016 <strong>Hucke Software &#8211;\u00a0<\/strong>Mathias Hucke<strong>\u00a0<\/strong>. Alle Rechte vorbehalten.<\/p>\n<\/div>\n","protected":false},"excerpt":{"rendered":"<p>Hucke Software Dr.Mathias Hucke Buchweizenberg 29 D-42699 Solingen Tel.\u00a0 ++49 212 380 1942 Fax\u00a0 ++49 212 380 1943 email:\u00a0 info@daq4.de USt-IdNr.: DE195111248 Inhaltlich Verantwortlicher gem\u00e4\u00df \u00a7 5 TMG: Mathias Hucke\u00a0(Anschrift wie oben) Datenschutzerkl\u00e4rung Wir erheben und verwenden Ihre personenbezogenen Daten ausschlie\u00dflich im Rahmen der Bestimmungen des Datenschutzrechts der Bundesrepublik Deutschland. Im Folgenden unterrichten wir Sie &hellip; <a href=\"https:\/\/hucke-software.de\/en\/impressum\/\" class=\"more-link\">Continue reading <span class=\"screen-reader-text\">Impressum<\/span> <span class=\"meta-nav\">&rarr;<\/span><\/a><\/p>\n","protected":false},"author":2,"featured_media":0,"parent":0,"menu_order":0,"comment_status":"closed","ping_status":"closed","template":"","meta":{"footnotes":""},"class_list":["post-91","page","type-page","status-publish","hentry"],"translation":{"provider":"WPGlobus","version":"3.0.2","language":"en","enabled_languages":["de","en"],"languages":{"de":{"title":true,"content":true,"excerpt":false},"en":{"title":false,"content":false,"excerpt":false}}},"_links":{"self":[{"href":"https:\/\/hucke-software.de\/en\/wp-json\/wp\/v2\/pages\/91","targetHints":{"allow":["GET"]}}],"collection":[{"href":"https:\/\/hucke-software.de\/en\/wp-json\/wp\/v2\/pages"}],"about":[{"href":"https:\/\/hucke-software.de\/en\/wp-json\/wp\/v2\/types\/page"}],"author":[{"embeddable":true,"href":"https:\/\/hucke-software.de\/en\/wp-json\/wp\/v2\/users\/2"}],"replies":[{"embeddable":true,"href":"https:\/\/hucke-software.de\/en\/wp-json\/wp\/v2\/comments?post=91"}],"version-history":[{"count":5,"href":"https:\/\/hucke-software.de\/en\/wp-json\/wp\/v2\/pages\/91\/revisions"}],"predecessor-version":[{"id":158,"href":"https:\/\/hucke-software.de\/en\/wp-json\/wp\/v2\/pages\/91\/revisions\/158"}],"wp:attachment":[{"href":"https:\/\/hucke-software.de\/en\/wp-json\/wp\/v2\/media?parent=91"}],"curies":[{"name":"wp","href":"https:\/\/api.w.org\/{rel}","templated":true}]}}